{"id":7,"date":"2021-04-17T07:57:37","date_gmt":"2021-04-17T07:57:37","guid":{"rendered":"http:\/\/erp-integra.com\/homepage_mx\/?page_id=7"},"modified":"2025-11-26T12:45:28","modified_gmt":"2025-11-26T18:45:28","slug":"contacto","status":"publish","type":"page","link":"http:\/\/erp-integra.com\/homepage_mx\/contacto\/","title":{"rendered":"Contacto"},"content":{"rendered":"\n<div class=\"wp-block-columns is-layout-flex wp-container-6\">\n<div class=\"wp-block-column is-layout-flow\" style=\"flex-basis:66.66%\">\n<div class=\"wp-block-columns is-layout-flex wp-container-3\">\n<div class=\"wp-block-column is-layout-flow\">\n<p class=\"has-text-align-center\"><\/p>\n\n\n\n<p class=\"has-text-align-center\">Av. 6 Poniente 4110<\/p>\n\n\n\n<p class=\"has-text-align-center\">Col Valle del Rey<\/p>\n\n\n\n<p class=\"has-text-align-center\">Puebla, Puebla.<\/p>\n\n\n\n<p class=\"has-text-align-center\">M\u00e9xico<\/p>\n<\/div>\n\n\n\n<div class=\"wp-block-column is-layout-flow\">\n<p class=\"has-text-align-center\"><\/p>\n\n\n\n<figure class=\"wp-block-image size-full is-resized\"><img decoding=\"async\" loading=\"lazy\" src=\"http:\/\/erp-integra.com\/homepage_mx\/wp-content\/uploads\/2023\/11\/brain.png\" alt=\"\" class=\"wp-image-522\" width=\"58\" height=\"48\" srcset=\"http:\/\/erp-integra.com\/homepage_mx\/wp-content\/uploads\/2023\/11\/brain.png 900w, http:\/\/erp-integra.com\/homepage_mx\/wp-content\/uploads\/2023\/11\/brain-300x246.png 300w, http:\/\/erp-integra.com\/homepage_mx\/wp-content\/uploads\/2023\/11\/brain-768x630.png 768w\" sizes=\"(max-width: 58px) 100vw, 58px\" \/><\/figure>\n\n\n\n<p><\/p>\n\n\n\n<p class=\"has-text-align-center\"><strong>Escr\u00edbenos un correo electr\u00f3nico<\/strong> a:<\/p>\n\n\n\n<p class=\"has-text-align-center\"><strong>informacion@erp-integra.com<\/strong><\/p>\n\n\n\n<h2 class=\"wp-block-heading\"><\/h2>\n<\/div>\n<\/div>\n\n\n\n<p class=\"has-text-align-center\"><\/p>\n\n\n\n<figure class=\"wp-block-image size-full\"><img decoding=\"async\" loading=\"lazy\" width=\"890\" height=\"246\" src=\"https:\/\/erp-integra.com\/homepage_mx\/wp-content\/uploads\/2025\/04\/CERT-2.jpg\" alt=\"\" class=\"wp-image-715\" srcset=\"http:\/\/erp-integra.com\/homepage_mx\/wp-content\/uploads\/2025\/04\/CERT-2.jpg 890w, http:\/\/erp-integra.com\/homepage_mx\/wp-content\/uploads\/2025\/04\/CERT-2-300x83.jpg 300w, http:\/\/erp-integra.com\/homepage_mx\/wp-content\/uploads\/2025\/04\/CERT-2-768x212.jpg 768w\" sizes=\"(max-width: 890px) 100vw, 890px\" \/><\/figure>\n<\/div>\n\n\n\n<div class=\"wp-block-column is-layout-flow\" style=\"flex-basis:33.33%\">\n<figure class=\"wp-block-image size-large\"><img decoding=\"async\" loading=\"lazy\" width=\"175\" height=\"206\" src=\"http:\/\/erp-integra.com\/homepage_mx\/wp-content\/uploads\/2021\/05\/vanilla_175.png\" alt=\"\" class=\"wp-image-154\"\/><\/figure>\n\n\n\n<p><\/p>\n\n\n\n<figure class=\"wp-block-image size-large\"><img decoding=\"async\" loading=\"lazy\" width=\"175\" height=\"225\" src=\"http:\/\/erp-integra.com\/homepage_mx\/wp-content\/uploads\/2021\/05\/folletosm-1.jpg\" alt=\"\" class=\"wp-image-134\"\/><\/figure>\n<\/div>\n<\/div>\n\n\n\n<figure class=\"wp-block-image\"><img alt=\"\"\/><\/figure>\n","protected":false},"excerpt":{"rendered":"<p>Av. 6 Poniente 4110 Col Valle del Rey Puebla, Puebla. M\u00e9xico Escr\u00edbenos un correo electr\u00f3nico a: informacion@erp-integra.com<\/p>\n","protected":false},"author":1,"featured_media":0,"parent":0,"menu_order":0,"comment_status":"closed","ping_status":"closed","template":"","meta":[],"_links":{"self":[{"href":"http:\/\/erp-integra.com\/homepage_mx\/wp-json\/wp\/v2\/pages\/7"}],"collection":[{"href":"http:\/\/erp-integra.com\/homepage_mx\/wp-json\/wp\/v2\/pages"}],"about":[{"href":"http:\/\/erp-integra.com\/homepage_mx\/wp-json\/wp\/v2\/types\/page"}],"author":[{"embeddable":true,"href":"http:\/\/erp-integra.com\/homepage_mx\/wp-json\/wp\/v2\/users\/1"}],"replies":[{"embeddable":true,"href":"http:\/\/erp-integra.com\/homepage_mx\/wp-json\/wp\/v2\/comments?post=7"}],"version-history":[{"count":28,"href":"http:\/\/erp-integra.com\/homepage_mx\/wp-json\/wp\/v2\/pages\/7\/revisions"}],"predecessor-version":[{"id":784,"href":"http:\/\/erp-integra.com\/homepage_mx\/wp-json\/wp\/v2\/pages\/7\/revisions\/784"}],"wp:attachment":[{"href":"http:\/\/erp-integra.com\/homepage_mx\/wp-json\/wp\/v2\/media?parent=7"}],"curies":[{"name":"wp","href":"https:\/\/api.w.org\/{rel}","templated":true}]}}